{"id":496,"date":"2025-07-10T18:37:02","date_gmt":"2025-07-10T18:37:02","guid":{"rendered":"https:\/\/poemaparis.fr\/?page_id=496"},"modified":"2026-04-03T05:43:43","modified_gmt":"2026-04-03T05:43:43","slug":"faq","status":"publish","type":"page","link":"https:\/\/poemaparis.fr\/en\/faq\/","title":{"rendered":"FAQ Poema Paris"},"content":{"rendered":"<div data-elementor-type=\"wp-page\" data-elementor-id=\"496\" class=\"elementor elementor-496\" data-elementor-post-type=\"page\">\n\t\t\t\t<div class=\"elementor-element elementor-element-3a6c133 e-flex e-con-boxed wpr-particle-no wpr-jarallax-no wpr-parallax-no wpr-sticky-section-no wpr-equal-height-no e-con e-parent\" data-id=\"3a6c133\" data-element_type=\"container\" data-e-type=\"container\">\n\t\t\t\t\t<div class=\"e-con-inner\">\n\t\t\t\t<div class=\"elementor-element elementor-element-95caa85 elementor-widget elementor-widget-heading\" data-id=\"95caa85\" data-element_type=\"widget\" data-e-type=\"widget\" data-widget_type=\"heading.default\">\n\t\t\t\t\t<h2 class=\"elementor-heading-title elementor-size-default\">FAQ - Poema Paris r\u00e9pond \u00e0 vos questions\n<\/h2>\t\t\t\t<\/div>\n\t\t\t\t\t<\/div>\n\t\t\t\t<\/div>\n\t\t<div class=\"elementor-element elementor-element-6c5374f e-flex e-con-boxed wpr-particle-no wpr-jarallax-no wpr-parallax-no wpr-sticky-section-no wpr-equal-height-no e-con e-parent\" data-id=\"6c5374f\" data-element_type=\"container\" data-e-type=\"container\">\n\t\t\t\t\t<div class=\"e-con-inner\">\n\t\t\t\t<div class=\"elementor-element elementor-element-4e4ad85 elementor-widget elementor-widget-n-accordion\" data-id=\"4e4ad85\" data-element_type=\"widget\" data-e-type=\"widget\" data-settings=\"{&quot;default_state&quot;:&quot;expanded&quot;,&quot;max_items_expended&quot;:&quot;one&quot;,&quot;n_accordion_animation_duration&quot;:{&quot;unit&quot;:&quot;ms&quot;,&quot;size&quot;:400,&quot;sizes&quot;:[]}}\" data-widget_type=\"nested-accordion.default\">\n\t\t\t\t\t\t\t<div class=\"e-n-accordion\" aria-label=\"Accordion. Open links with Enter or Space, close with Escape, and navigate with Arrow Keys\">\n\t\t\t\t\t\t<details id=\"e-n-accordion-item-8200\" class=\"e-n-accordion-item\" open>\n\t\t\t\t<summary class=\"e-n-accordion-item-title\" data-accordion-index=\"1\" tabindex=\"0\" aria-expanded=\"true\" aria-controls=\"e-n-accordion-item-8200\" >\n\t\t\t\t\t<span class='e-n-accordion-item-title-header'><div class=\"e-n-accordion-item-title-text\"> Orders <\/div><\/span>\n\t\t\t\t\t\t\t<span class='e-n-accordion-item-title-icon'>\n\t\t\t<span class='e-opened' ><svg aria-hidden=\"true\" class=\"e-font-icon-svg e-fas-minus\" viewbox=\"0 0 448 512\" xmlns=\"http:\/\/www.w3.org\/2000\/svg\"><path d=\"M416 208H32c-17.67 0-32 14.33-32 32v32c0 17.67 14.33 32 32 32h384c17.67 0 32-14.33 32-32v-32c0-17.67-14.33-32-32-32z\"><\/path><\/svg><\/span>\n\t\t\t<span class='e-closed'><svg aria-hidden=\"true\" class=\"e-font-icon-svg e-fas-plus\" viewbox=\"0 0 448 512\" xmlns=\"http:\/\/www.w3.org\/2000\/svg\"><path d=\"M416 208H272V64c0-17.67-14.33-32-32-32h-32c-17.67 0-32 14.33-32 32v144H32c-17.67 0-32 14.33-32 32v32c0 17.67 14.33 32 32 32h144v144c0 17.67 14.33 32 32 32h32c17.67 0 32-14.33 32-32V304h144c17.67 0 32-14.33 32-32v-32c0-17.67-14.33-32-32-32z\"><\/path><\/svg><\/span>\n\t\t<\/span>\n\n\t\t\t\t\t\t<\/summary>\n\t\t\t\t<div role=\"region\" aria-labelledby=\"e-n-accordion-item-8200\" class=\"elementor-element elementor-element-e3b9eab e-con-full e-flex wpr-particle-no wpr-jarallax-no wpr-parallax-no wpr-sticky-section-no wpr-equal-height-no e-con e-child\" data-id=\"e3b9eab\" data-element_type=\"container\" data-e-type=\"container\">\n\t\t\t\t<div class=\"elementor-element elementor-element-a007219 elementor-widget elementor-widget-text-editor\" data-id=\"a007219\" data-element_type=\"widget\" data-e-type=\"widget\" data-widget_type=\"text-editor.default\">\n\t\t\t\t\t\t\t\t\t<h4>How can I track my order?<\/h4><p>Once your order has been shipped, you will receive an email containing the tracking number provided by the carrier you selected. You can track the progress of your package at any time using the tracking number on the corresponding carrier\u2019s website. If the tracking number does not work immediately, this is normal; it may take a few hours for it to become active.<\/p><p>I made a mistake in my order and\/or delivery address<\/p><p>Contact customer service immediately so we can correct the error. Once the order has been processed for shipping, we can no longer modify it. Unfortunately, you will need to place a new order and return the incorrect one.<\/p><h4>Is it possible to cancel my order?<\/h4><p>Once the order has been validated and paid for, we unfortunately cannot cancel it. You will need to return the order to obtain a refund.<\/p><h4>I haven\u2019t received my pair, what should I do?<\/h4><p>If you have not received your order after the expected delivery time, we recommend first checking your tracking number. Depending on the circumstances, it may happen that the order is slightly delayed.<\/p><p>If the status of your order is \u201cdelivered\u201d but you have not received your package, please proceed as follows: after checking with your neighbors or a possible building manager and contacting the delivery service, send us an email at <a href=\"mailto:hello@poemaparis.fr\">hello@poemaparis.fr<\/a> so we can work together to find a solution.<\/p><h4>What is the refund processing time?<\/h4><p>We have a period of 14 working days from the receipt of your shoes at our warehouse to process the refund for your order.<\/p><h4>Is it possible to exchange an item?<\/h4><p>Exchanges are entirely possible. If the size you ordered does not suit you, you can contact our customer service by sending an email to <a href=\"mailto:hello@poema2.local\">hello@poema2.local<\/a> to check if an exchange is possible, depending on our stock availability.<\/p>\t\t\t\t\t\t\t\t<\/div>\n\t\t\t\t<\/div>\n\t\t\t\t\t<\/details>\n\t\t\t\t\t\t<details id=\"e-n-accordion-item-8201\" class=\"e-n-accordion-item\" >\n\t\t\t\t<summary class=\"e-n-accordion-item-title\" data-accordion-index=\"2\" tabindex=\"-1\" aria-expanded=\"false\" aria-controls=\"e-n-accordion-item-8201\" >\n\t\t\t\t\t<span class='e-n-accordion-item-title-header'><div class=\"e-n-accordion-item-title-text\"> Delivery <\/div><\/span>\n\t\t\t\t\t\t\t<span class='e-n-accordion-item-title-icon'>\n\t\t\t<span class='e-opened' ><svg aria-hidden=\"true\" class=\"e-font-icon-svg e-fas-minus\" viewbox=\"0 0 448 512\" xmlns=\"http:\/\/www.w3.org\/2000\/svg\"><path d=\"M416 208H32c-17.67 0-32 14.33-32 32v32c0 17.67 14.33 32 32 32h384c17.67 0 32-14.33 32-32v-32c0-17.67-14.33-32-32-32z\"><\/path><\/svg><\/span>\n\t\t\t<span class='e-closed'><svg aria-hidden=\"true\" class=\"e-font-icon-svg e-fas-plus\" viewbox=\"0 0 448 512\" xmlns=\"http:\/\/www.w3.org\/2000\/svg\"><path d=\"M416 208H272V64c0-17.67-14.33-32-32-32h-32c-17.67 0-32 14.33-32 32v144H32c-17.67 0-32 14.33-32 32v32c0 17.67 14.33 32 32 32h144v144c0 17.67 14.33 32 32 32h32c17.67 0 32-14.33 32-32V304h144c17.67 0 32-14.33 32-32v-32c0-17.67-14.33-32-32-32z\"><\/path><\/svg><\/span>\n\t\t<\/span>\n\n\t\t\t\t\t\t<\/summary>\n\t\t\t\t<div role=\"region\" aria-labelledby=\"e-n-accordion-item-8201\" class=\"elementor-element elementor-element-0726835 e-con-full e-flex wpr-particle-no wpr-jarallax-no wpr-parallax-no wpr-sticky-section-no wpr-equal-height-no e-con e-child\" data-id=\"0726835\" data-element_type=\"container\" data-e-type=\"container\">\n\t\t\t\t<div class=\"elementor-element elementor-element-66d33f5 elementor-widget elementor-widget-text-editor\" data-id=\"66d33f5\" data-element_type=\"widget\" data-e-type=\"widget\" data-widget_type=\"text-editor.default\">\n\t\t\t\t\t\t\t\t\t<h4>From which countries can I place an order?<\/h4><p>You can place an order from:<\/p><p>\u2013 Mainland France<\/p><p>\u2013 European countries<\/p><h4>When and how can I return my shoes ?<\/h4><p>From Mainland France :<\/p><p>\u2013 Via Chronopost to Shop: Free pickup point delivery, with a map of pickup points displayed after payment.<br \/>\u2013 Via Colissimo: 2 to 4 business days, home delivery for \u20ac5, and free exchanges.<br \/>\u2013 Via Chronopost C13: Home delivery for \u20ac10 the next day for all orders placed before 1 PM.<\/p><p>PAID RETURNS : \u20ac5 is deducted from the refund amount for returns.<\/p><p>From Europe (3 to 5 business days) : Home delivery for \u20ac10, with return costs borne by the customer.<\/p>\t\t\t\t\t\t\t\t<\/div>\n\t\t\t\t<\/div>\n\t\t\t\t\t<\/details>\n\t\t\t\t\t\t<details id=\"e-n-accordion-item-8202\" class=\"e-n-accordion-item\" >\n\t\t\t\t<summary class=\"e-n-accordion-item-title\" data-accordion-index=\"3\" tabindex=\"-1\" aria-expanded=\"false\" aria-controls=\"e-n-accordion-item-8202\" >\n\t\t\t\t\t<span class='e-n-accordion-item-title-header'><div class=\"e-n-accordion-item-title-text\"> Returns \/ Refunds \/ Exchanges <\/div><\/span>\n\t\t\t\t\t\t\t<span class='e-n-accordion-item-title-icon'>\n\t\t\t<span class='e-opened' ><svg aria-hidden=\"true\" class=\"e-font-icon-svg e-fas-minus\" viewbox=\"0 0 448 512\" xmlns=\"http:\/\/www.w3.org\/2000\/svg\"><path d=\"M416 208H32c-17.67 0-32 14.33-32 32v32c0 17.67 14.33 32 32 32h384c17.67 0 32-14.33 32-32v-32c0-17.67-14.33-32-32-32z\"><\/path><\/svg><\/span>\n\t\t\t<span class='e-closed'><svg aria-hidden=\"true\" class=\"e-font-icon-svg e-fas-plus\" viewbox=\"0 0 448 512\" xmlns=\"http:\/\/www.w3.org\/2000\/svg\"><path d=\"M416 208H272V64c0-17.67-14.33-32-32-32h-32c-17.67 0-32 14.33-32 32v144H32c-17.67 0-32 14.33-32 32v32c0 17.67 14.33 32 32 32h144v144c0 17.67 14.33 32 32 32h32c17.67 0 32-14.33 32-32V304h144c17.67 0 32-14.33 32-32v-32c0-17.67-14.33-32-32-32z\"><\/path><\/svg><\/span>\n\t\t<\/span>\n\n\t\t\t\t\t\t<\/summary>\n\t\t\t\t<div role=\"region\" aria-labelledby=\"e-n-accordion-item-8202\" class=\"elementor-element elementor-element-af362e9 e-con-full e-flex wpr-particle-no wpr-jarallax-no wpr-parallax-no wpr-sticky-section-no wpr-equal-height-no e-con e-child\" data-id=\"af362e9\" data-element_type=\"container\" data-e-type=\"container\">\n\t\t\t\t<div class=\"elementor-element elementor-element-7c1e8b9 elementor-widget elementor-widget-text-editor\" data-id=\"7c1e8b9\" data-element_type=\"widget\" data-e-type=\"widget\" data-widget_type=\"text-editor.default\">\n\t\t\t\t\t\t\t\t\t<p>PAID RETURNS : \u20ac5 is deducted from the refund amount for returns.<\/p><p>From Europe (3 to 5 business days) : Home delivery for \u20ac10, with return costs borne by the customer.<\/p><h4>When and how can I return my shoes ?<\/h4><p>Return costs for Mainland France are \u20ac5.<\/p><p>If the size or model does not suit you, you can return your shoes within 15 business days of receiving the package by following these steps :<\/p><p>1. Contact our customer service at <a href=\"mailto:hello@poema2.local\">hello@poema2.local<\/a> with the reason for the return and your order number to receive a return label by email.<\/p><p>2. Place the pair in its original packaging, ensuring it is suitable for resale, and attach the return label to the box.<\/p><p>3. Drop off your package at an official pickup point.<\/p><p>Note : We only process refunds or exchanges if the pair is returned in excellent condition. To avoid any issues, we recommend trying the shoes at home on a carpet to avoid damaging the sole.<\/p>\t\t\t\t\t\t\t\t<\/div>\n\t\t\t\t<\/div>\n\t\t\t\t\t<\/details>\n\t\t\t\t\t\t<details id=\"e-n-accordion-item-8203\" class=\"e-n-accordion-item\" >\n\t\t\t\t<summary class=\"e-n-accordion-item-title\" data-accordion-index=\"4\" tabindex=\"-1\" aria-expanded=\"false\" aria-controls=\"e-n-accordion-item-8203\" >\n\t\t\t\t\t<span class='e-n-accordion-item-title-header'><div class=\"e-n-accordion-item-title-text\"> Payment <\/div><\/span>\n\t\t\t\t\t\t\t<span class='e-n-accordion-item-title-icon'>\n\t\t\t<span class='e-opened' ><svg aria-hidden=\"true\" class=\"e-font-icon-svg e-fas-minus\" viewbox=\"0 0 448 512\" xmlns=\"http:\/\/www.w3.org\/2000\/svg\"><path d=\"M416 208H32c-17.67 0-32 14.33-32 32v32c0 17.67 14.33 32 32 32h384c17.67 0 32-14.33 32-32v-32c0-17.67-14.33-32-32-32z\"><\/path><\/svg><\/span>\n\t\t\t<span class='e-closed'><svg aria-hidden=\"true\" class=\"e-font-icon-svg e-fas-plus\" viewbox=\"0 0 448 512\" xmlns=\"http:\/\/www.w3.org\/2000\/svg\"><path d=\"M416 208H272V64c0-17.67-14.33-32-32-32h-32c-17.67 0-32 14.33-32 32v144H32c-17.67 0-32 14.33-32 32v32c0 17.67 14.33 32 32 32h144v144c0 17.67 14.33 32 32 32h32c17.67 0 32-14.33 32-32V304h144c17.67 0 32-14.33 32-32v-32c0-17.67-14.33-32-32-32z\"><\/path><\/svg><\/span>\n\t\t<\/span>\n\n\t\t\t\t\t\t<\/summary>\n\t\t\t\t<div role=\"region\" aria-labelledby=\"e-n-accordion-item-8203\" class=\"elementor-element elementor-element-4e49a4d e-flex e-con-boxed wpr-particle-no wpr-jarallax-no wpr-parallax-no wpr-sticky-section-no wpr-equal-height-no e-con e-child\" data-id=\"4e49a4d\" data-element_type=\"container\" data-e-type=\"container\">\n\t\t\t\t\t<div class=\"e-con-inner\">\n\t\t\t\t<div class=\"elementor-element elementor-element-eaaef8a elementor-widget elementor-widget-text-editor\" data-id=\"eaaef8a\" data-element_type=\"widget\" data-e-type=\"widget\" data-widget_type=\"text-editor.default\">\n\t\t\t\t\t\t\t\t\t<h4>What payment methods can I use ?<\/h4><p>You can pay :<\/p><p>\u2013 By credit card: Visa, Mastercard, Maestro, and American Express.<br \/>\u2013 Via Klarna in two or three interest-free installments.<\/p><h4>Is my payment secure ?<\/h4><p>Your banking information is never in our possession. Your transactions are fully processed by the secure WooPayments payment module.<\/p><h4>Can I receive an invoice for my order ?<\/h4><p>The invoice for your order is sent to you along with your pair of shoes.<\/p>\t\t\t\t\t\t\t\t<\/div>\n\t\t\t\t\t<\/div>\n\t\t\t\t<\/div>\n\t\t\t\t\t<\/details>\n\t\t\t\t\t\t<details id=\"e-n-accordion-item-8204\" class=\"e-n-accordion-item\" >\n\t\t\t\t<summary class=\"e-n-accordion-item-title\" data-accordion-index=\"5\" tabindex=\"-1\" aria-expanded=\"false\" aria-controls=\"e-n-accordion-item-8204\" >\n\t\t\t\t\t<span class='e-n-accordion-item-title-header'><div class=\"e-n-accordion-item-title-text\"> Product <\/div><\/span>\n\t\t\t\t\t\t\t<span class='e-n-accordion-item-title-icon'>\n\t\t\t<span class='e-opened' ><svg aria-hidden=\"true\" class=\"e-font-icon-svg e-fas-minus\" viewbox=\"0 0 448 512\" xmlns=\"http:\/\/www.w3.org\/2000\/svg\"><path d=\"M416 208H32c-17.67 0-32 14.33-32 32v32c0 17.67 14.33 32 32 32h384c17.67 0 32-14.33 32-32v-32c0-17.67-14.33-32-32-32z\"><\/path><\/svg><\/span>\n\t\t\t<span class='e-closed'><svg aria-hidden=\"true\" class=\"e-font-icon-svg e-fas-plus\" viewbox=\"0 0 448 512\" xmlns=\"http:\/\/www.w3.org\/2000\/svg\"><path d=\"M416 208H272V64c0-17.67-14.33-32-32-32h-32c-17.67 0-32 14.33-32 32v144H32c-17.67 0-32 14.33-32 32v32c0 17.67 14.33 32 32 32h144v144c0 17.67 14.33 32 32 32h32c17.67 0 32-14.33 32-32V304h144c17.67 0 32-14.33 32-32v-32c0-17.67-14.33-32-32-32z\"><\/path><\/svg><\/span>\n\t\t<\/span>\n\n\t\t\t\t\t\t<\/summary>\n\t\t\t\t<div role=\"region\" aria-labelledby=\"e-n-accordion-item-8204\" class=\"elementor-element elementor-element-eaa1181 e-flex e-con-boxed wpr-particle-no wpr-jarallax-no wpr-parallax-no wpr-sticky-section-no wpr-equal-height-no e-con e-child\" data-id=\"eaa1181\" data-element_type=\"container\" data-e-type=\"container\">\n\t\t\t\t\t<div class=\"e-con-inner\">\n\t\t\t\t<div class=\"elementor-element elementor-element-5095002 elementor-widget elementor-widget-text-editor\" data-id=\"5095002\" data-element_type=\"widget\" data-e-type=\"widget\" data-widget_type=\"text-editor.default\">\n\t\t\t\t\t\t\t\t\t<h4>How do I choose the right size ?<\/h4><p>Our shoes fit true to size unless otherwise indicated on our product pages. You can also consult our size guide. If in doubt, don\u2019t hesitate to contact our customer service by email.<\/p><h4>What are the manufacturing conditions of your shoes ?<\/h4><p>Nous portons une tr\u00e8s grande attention \u00e0 la qualit\u00e9 de nos produits ainsi qu\u2019\u00e0 leur \u00e9thique de fabrication. Nous cuir sont certifi\u00e9 Gold Rated par <a href=\"https:\/\/www.leatherworkinggroup.com\/\" target=\"_blank\" rel=\"noopener\">Leather Working Group (LWG).<\/a><\/p><h4>What should I do if there is a defect in the product?<\/h4><p><strong>WE PLACE GREAT IMPORTANCE ON THE QUALITY OF OUR PRODUCTS AND LISTENING TO OUR CUSTOMERS.<\/strong><\/p><p>If you notice a quality issue with your pair of shoes, contact our customer service as soon as possible by email \ud83d\udce7. Be sure to include photos of the defect and your order number.<\/p><p>We will process your request as quickly as possible and find the best solution to assist you.<\/p><p>Don\u2019t hesitate to write to us! Your feedback is valuable and helps us improve our products and services.<\/p>\t\t\t\t\t\t\t\t<\/div>\n\t\t\t\t\t<\/div>\n\t\t\t\t<\/div>\n\t\t\t\t\t<\/details>\n\t\t\t\t\t<\/div>\n\t\t\t\t\t\t<\/div>\n\t\t\t\t\t<\/div>\n\t\t\t\t<\/div>\n\t\t\t\t<\/div>","protected":false},"excerpt":{"rendered":"<p>FAQ &#8211; Poema Paris r\u00e9pond \u00e0 vos questions Commandes Comment savoir o\u00f9 en est ma commande ? Une fois votre commande exp\u00e9di\u00e9e, vous recevrez un mail comportant le num\u00e9ro de<\/p>","protected":false},"author":2,"featured_media":0,"parent":0,"menu_order":0,"comment_status":"closed","ping_status":"closed","template":"","meta":{"footnotes":""},"class_list":["post-496","page","type-page","status-publish","hentry"],"jetpack_sharing_enabled":true,"_links":{"self":[{"href":"https:\/\/poemaparis.fr\/en\/wp-json\/wp\/v2\/pages\/496","targetHints":{"allow":["GET"]}}],"collection":[{"href":"https:\/\/poemaparis.fr\/en\/wp-json\/wp\/v2\/pages"}],"about":[{"href":"https:\/\/poemaparis.fr\/en\/wp-json\/wp\/v2\/types\/page"}],"author":[{"embeddable":true,"href":"https:\/\/poemaparis.fr\/en\/wp-json\/wp\/v2\/users\/2"}],"replies":[{"embeddable":true,"href":"https:\/\/poemaparis.fr\/en\/wp-json\/wp\/v2\/comments?post=496"}],"version-history":[{"count":62,"href":"https:\/\/poemaparis.fr\/en\/wp-json\/wp\/v2\/pages\/496\/revisions"}],"predecessor-version":[{"id":11068,"href":"https:\/\/poemaparis.fr\/en\/wp-json\/wp\/v2\/pages\/496\/revisions\/11068"}],"wp:attachment":[{"href":"https:\/\/poemaparis.fr\/en\/wp-json\/wp\/v2\/media?parent=496"}],"curies":[{"name":"wp","href":"https:\/\/api.w.org\/{rel}","templated":true}]}}