{"id":186,"date":"2025-07-04T12:49:27","date_gmt":"2025-07-04T12:49:27","guid":{"rendered":"https:\/\/poemaparis.fr\/?page_id=186"},"modified":"2026-04-03T05:37:18","modified_gmt":"2026-04-03T05:37:18","slug":"engagement","status":"publish","type":"page","link":"https:\/\/poemaparis.fr\/en\/engagement\/","title":{"rendered":"Commitment"},"content":{"rendered":"<div data-elementor-type=\"wp-page\" data-elementor-id=\"186\" class=\"elementor elementor-186\" data-elementor-post-type=\"page\">\n\t\t\t\t<div class=\"elementor-element elementor-element-de25307 e-con-full e-flex wpr-particle-no wpr-jarallax-no wpr-parallax-no wpr-sticky-section-no wpr-equal-height-no e-con e-parent\" data-id=\"de25307\" data-element_type=\"container\" data-e-type=\"container\" data-settings=\"{&quot;background_background&quot;:&quot;classic&quot;}\">\n\t\t\t\t<\/div>\n\t\t<div class=\"elementor-element elementor-element-8443807 e-flex e-con-boxed wpr-particle-no wpr-jarallax-no wpr-parallax-no wpr-sticky-section-no wpr-equal-height-no e-con e-parent\" data-id=\"8443807\" data-element_type=\"container\" data-e-type=\"container\">\n\t\t\t\t\t<div class=\"e-con-inner\">\n\t\t\t\t<div class=\"elementor-element elementor-element-5182156 elementor-widget elementor-widget-heading\" data-id=\"5182156\" data-element_type=\"widget\" data-e-type=\"widget\" data-widget_type=\"heading.default\">\n\t\t\t\t\t<h2 class=\"elementor-heading-title elementor-size-default\">Our LWG Ethical Leathers\n<\/h2>\t\t\t\t<\/div>\n\t\t\t\t<div class=\"elementor-element elementor-element-046b0fa elementor-widget elementor-widget-heading\" data-id=\"046b0fa\" data-element_type=\"widget\" data-e-type=\"widget\" data-widget_type=\"heading.default\">\n\t\t\t\t\t<h2 class=\"elementor-heading-title elementor-size-default\">Eco-Responsible Commitments \u2013 Poema Paris 2025\n<\/h2>\t\t\t\t<\/div>\n\t\t\t\t\t<\/div>\n\t\t\t\t<\/div>\n\t\t<div class=\"elementor-element elementor-element-1ad2144 e-flex e-con-boxed wpr-particle-no wpr-jarallax-no wpr-parallax-no wpr-sticky-section-no wpr-equal-height-no e-con e-parent\" data-id=\"1ad2144\" data-element_type=\"container\" data-e-type=\"container\">\n\t\t\t\t\t<div class=\"e-con-inner\">\n\t\t\t\t<div class=\"elementor-element elementor-element-83e153c elementor-widget elementor-widget-text-editor\" data-id=\"83e153c\" data-element_type=\"widget\" data-e-type=\"widget\" data-widget_type=\"text-editor.default\">\n\t\t\t\t\t\t\t\t\t<p>Creating shoes entails a responsibility toward the planet and its inhabitants. From the outset, we have committed to using eco-responsible materials and adopting respectful production practices. Our leathers are <a href=\"https:\/\/www.leatherworkinggroup.com\/about\/\" target=\"_blank\" rel=\"noopener\">LWG certified<\/a>, ensuring environmentally responsible manufacturing. Today, <a href=\"https:\/\/poemaparis.fr\/en\/a-propos\/\">Poema Paris<\/a> is proud to lead the way in sustainability and ethics in the footwear industry.<\/p><p>By choosing LWG-certified leathers, we not only meet high standards but also contribute to positive change in the industry. The tanning processes we employ are designed to minimize the use of harmful chemicals, reduce water consumption, and lower carbon emissions. As a result, every pair of shoes we produce has a reduced environmental impact while maintaining exceptional quality and durability.<\/p><p>Our commitment does not stop at material selection. We also ensure that working conditions in our production chains respect fundamental human rights. All our partners are carefully selected to ensure they share our values of transparency, social responsibility, and environmental respect.<\/p><p>Continuing on this path, we aim to go even further in our commitments to ethics and sustainability. We are constantly exploring new ways to improve our practices, integrating ecological innovations, and developing production methods that are even more planet-friendly.<\/p><p>At Poema Paris, we believe that every step counts in building a more sustainable future. We are determined to keep moving forward, always striving to do better for our customers, our partners, and the planet.<\/p>\t\t\t\t\t\t\t\t<\/div>\n\t\t\t\t\t<\/div>\n\t\t\t\t<\/div>\n\t\t<div class=\"elementor-element elementor-element-56570a6 e-flex e-con-boxed wpr-particle-no wpr-jarallax-no wpr-parallax-no wpr-sticky-section-no wpr-equal-height-no e-con e-parent\" data-id=\"56570a6\" data-element_type=\"container\" data-e-type=\"container\">\n\t\t\t\t\t<div class=\"e-con-inner\">\n\t\t\t\t<div class=\"elementor-element elementor-element-e728266 elementor-widget elementor-widget-video\" data-id=\"e728266\" data-element_type=\"widget\" data-e-type=\"widget\" data-settings=\"{&quot;video_type&quot;:&quot;vimeo&quot;}\" data-widget_type=\"video.default\">\n\t\t\t\t\t\t\t<div class=\"elementor-wrapper elementor-open-inline\">\n\t\t\t<iframe class=\"elementor-video-iframe\" allowfullscreen allow=\"clipboard-write\" title=\"vimeo Video Player\" src=\"https:\/\/player.vimeo.com\/video\/1076141846?color&amp;autopause=0&amp;loop=0&amp;muted=0&amp;title=1&amp;portrait=1&amp;byline=1#t=\"><\/iframe>\t\t<\/div>\n\t\t\t\t\t\t<\/div>\n\t\t\t\t\t<\/div>\n\t\t\t\t<\/div>\n\t\t\t\t<\/div>","protected":false},"excerpt":{"rendered":"<p>Nos cuirs LWG \u00c9thique Engagements \u00e9coresponsables \u2013 Poema Paris 2025 Cr\u00e9er des chaussures implique une responsabilit\u00e9 envers la plan\u00e8te et ses habitants. Depuis le d\u00e9but, nous nous engageons \u00e0 utiliser<\/p>","protected":false},"author":2,"featured_media":0,"parent":0,"menu_order":0,"comment_status":"closed","ping_status":"closed","template":"","meta":{"footnotes":""},"class_list":["post-186","page","type-page","status-publish","hentry"],"jetpack_sharing_enabled":true,"_links":{"self":[{"href":"https:\/\/poemaparis.fr\/en\/wp-json\/wp\/v2\/pages\/186","targetHints":{"allow":["GET"]}}],"collection":[{"href":"https:\/\/poemaparis.fr\/en\/wp-json\/wp\/v2\/pages"}],"about":[{"href":"https:\/\/poemaparis.fr\/en\/wp-json\/wp\/v2\/types\/page"}],"author":[{"embeddable":true,"href":"https:\/\/poemaparis.fr\/en\/wp-json\/wp\/v2\/users\/2"}],"replies":[{"embeddable":true,"href":"https:\/\/poemaparis.fr\/en\/wp-json\/wp\/v2\/comments?post=186"}],"version-history":[{"count":37,"href":"https:\/\/poemaparis.fr\/en\/wp-json\/wp\/v2\/pages\/186\/revisions"}],"predecessor-version":[{"id":11064,"href":"https:\/\/poemaparis.fr\/en\/wp-json\/wp\/v2\/pages\/186\/revisions\/11064"}],"wp:attachment":[{"href":"https:\/\/poemaparis.fr\/en\/wp-json\/wp\/v2\/media?parent=186"}],"curies":[{"name":"wp","href":"https:\/\/api.w.org\/{rel}","templated":true}]}}